{"id":1172,"date":"2016-09-27T15:47:43","date_gmt":"2016-09-27T14:47:43","guid":{"rendered":"http:\/\/fitness2.mythemecloud.io\/?page_id=501"},"modified":"2026-05-02T14:43:24","modified_gmt":"2026-05-02T13:43:24","slug":"programme","status":"publish","type":"page","link":"https:\/\/cinema-palace-53.fr\/?page_id=1172","title":{"rendered":"Programme"},"content":{"rendered":"\t\t<div data-elementor-type=\"wp-post\" data-elementor-id=\"1172\" class=\"elementor elementor-1172\">\n\t\t\t\t\t\t<section class=\"elementor-section elementor-top-section elementor-element elementor-element-a16ae0e exad-glass-effect-yes elementor-section-boxed elementor-section-height-default elementor-section-height-default wpr-particle-no wpr-jarallax-no wpr-parallax-no wpr-sticky-section-no wpr-equal-height-no exad-sticky-section-no\" data-id=\"a16ae0e\" data-element_type=\"section\" data-e-type=\"section\">\n\t\t\t\t\t\t\t<div class=\"elementor-background-overlay\"><\/div>\n\t\t\t\t\t\t\t<div class=\"elementor-container elementor-column-gap-default\">\n\t\t\t\t\t<div class=\"elementor-column elementor-col-100 elementor-top-column elementor-element elementor-element-29f65ac exad-glass-effect-no exad-sticky-section-no\" data-id=\"29f65ac\" data-element_type=\"column\" data-e-type=\"column\">\n\t\t\t<div class=\"elementor-widget-wrap elementor-element-populated\">\n\t\t\t\t\t\t<div class=\"elementor-element elementor-element-981fad2 elementor-widget__width-initial exad-sticky-section-no exad-glass-effect-no elementor-widget elementor-widget-heading\" data-id=\"981fad2\" data-element_type=\"widget\" data-e-type=\"widget\" data-widget_type=\"heading.default\">\n\t\t\t\t<div class=\"elementor-widget-container\">\n\t\t\t\t\t<h2 class=\"elementor-heading-title elementor-size-default\">PROGRAMME<\/h2>\t\t\t\t<\/div>\n\t\t\t\t<\/div>\n\t\t\t\t\t<\/div>\n\t\t<\/div>\n\t\t\t\t\t<\/div>\n\t\t<\/section>\n\t\t\t\t<section class=\"elementor-section elementor-top-section elementor-element elementor-element-15aaa6f elementor-section-boxed elementor-section-height-default elementor-section-height-default exad-glass-effect-no wpr-particle-no wpr-jarallax-no wpr-parallax-no wpr-sticky-section-no wpr-equal-height-no exad-sticky-section-no\" data-id=\"15aaa6f\" data-element_type=\"section\" data-e-type=\"section\" data-settings=\"{&quot;background_background&quot;:&quot;classic&quot;}\">\n\t\t\t\t\t\t<div class=\"elementor-container elementor-column-gap-default\">\n\t\t\t\t\t<div class=\"elementor-column elementor-col-100 elementor-top-column elementor-element elementor-element-1fd8fcb exad-glass-effect-no exad-sticky-section-no\" data-id=\"1fd8fcb\" data-element_type=\"column\" data-e-type=\"column\">\n\t\t\t<div class=\"elementor-widget-wrap elementor-element-populated\">\n\t\t\t\t\t\t<div class=\"elementor-element elementor-element-745bfef exad-sticky-section-no exad-glass-effect-no elementor-widget elementor-widget-heading\" data-id=\"745bfef\" data-element_type=\"widget\" data-e-type=\"widget\" data-widget_type=\"heading.default\">\n\t\t\t\t<div class=\"elementor-widget-container\">\n\t\t\t\t\t<span class=\"elementor-heading-title elementor-size-default\">Vous pouvez t\u00e9l\u00e9charger votre programme, l'imprimer ou zoomer l'image\n\n\n\n\n\n<\/span>\t\t\t\t<\/div>\n\t\t\t\t<\/div>\n\t\t\t\t\t<\/div>\n\t\t<\/div>\n\t\t\t\t\t<\/div>\n\t\t<\/section>\n\t\t\t\t<section class=\"elementor-section elementor-top-section elementor-element elementor-element-e471e96 elementor-section-full_width elementor-section-height-default elementor-section-height-default exad-glass-effect-no wpr-particle-no wpr-jarallax-no wpr-parallax-no wpr-sticky-section-no wpr-equal-height-no exad-sticky-section-no\" data-id=\"e471e96\" data-element_type=\"section\" data-e-type=\"section\" data-settings=\"{&quot;background_background&quot;:&quot;classic&quot;}\">\n\t\t\t\t\t\t<div class=\"elementor-container elementor-column-gap-default\">\n\t\t\t\t\t<div class=\"elementor-column elementor-col-100 elementor-top-column elementor-element elementor-element-f4b2a35 exad-glass-effect-no exad-sticky-section-no\" data-id=\"f4b2a35\" data-element_type=\"column\" data-e-type=\"column\">\n\t\t\t<div class=\"elementor-widget-wrap elementor-element-populated\">\n\t\t\t\t\t\t<div class=\"elementor-element elementor-element-bf9b695 exad-sticky-section-no exad-glass-effect-no elementor-widget elementor-widget-text-editor\" data-id=\"bf9b695\" data-element_type=\"widget\" data-e-type=\"widget\" data-widget_type=\"text-editor.default\">\n\t\t\t\t<div class=\"elementor-widget-container\">\n\t\t\t\t\t\t\t\t\t<h1 style=\"text-align: center;\">Le<strong> programme ant\u00e9rieur (<span style=\"color: #ff0000;\">du 29 au 05 mai<span style=\"color: #000000;\">)<\/span><\/span> se trouve sous le nouveau !<\/strong><\/h1>\t\t\t\t\t\t\t\t<\/div>\n\t\t\t\t<\/div>\n\t\t\t\t\t<\/div>\n\t\t<\/div>\n\t\t\t\t\t<\/div>\n\t\t<\/section>\n\t\t\t\t<section class=\"elementor-section elementor-top-section elementor-element elementor-element-66c2aa0 elementor-section-boxed elementor-section-height-default elementor-section-height-default exad-glass-effect-no wpr-particle-no wpr-jarallax-no wpr-parallax-no wpr-sticky-section-no wpr-equal-height-no exad-sticky-section-no\" data-id=\"66c2aa0\" data-element_type=\"section\" data-e-type=\"section\" data-settings=\"{&quot;background_background&quot;:&quot;classic&quot;}\">\n\t\t\t\t\t\t<div class=\"elementor-container elementor-column-gap-default\">\n\t\t\t\t\t<div class=\"elementor-column elementor-col-100 elementor-top-column elementor-element elementor-element-e807dc7 exad-glass-effect-no exad-sticky-section-no\" data-id=\"e807dc7\" data-element_type=\"column\" data-e-type=\"column\">\n\t\t\t<div class=\"elementor-widget-wrap elementor-element-populated\">\n\t\t\t\t\t\t<div class=\"elementor-element elementor-element-b4cd81f exad-sticky-section-no exad-glass-effect-no elementor-widget elementor-widget-image\" data-id=\"b4cd81f\" data-element_type=\"widget\" data-e-type=\"widget\" data-widget_type=\"image.default\">\n\t\t\t\t<div class=\"elementor-widget-container\">\n\t\t\t\t\t\t\t\t\t\t\t\t\t\t\t<img fetchpriority=\"high\" decoding=\"async\" width=\"1024\" height=\"724\" src=\"https:\/\/cinema-palace-53.fr\/wp-content\/uploads\/2026\/05\/A4-PROG-6-au-12-mai-1024x724.jpg\" class=\"attachment-large size-large wp-image-13175\" alt=\"\" srcset=\"https:\/\/cinema-palace-53.fr\/wp-content\/uploads\/2026\/05\/A4-PROG-6-au-12-mai-1024x724.jpg 1024w, https:\/\/cinema-palace-53.fr\/wp-content\/uploads\/2026\/05\/A4-PROG-6-au-12-mai-300x212.jpg 300w, https:\/\/cinema-palace-53.fr\/wp-content\/uploads\/2026\/05\/A4-PROG-6-au-12-mai-768x543.jpg 768w, https:\/\/cinema-palace-53.fr\/wp-content\/uploads\/2026\/05\/A4-PROG-6-au-12-mai-1536x1086.jpg 1536w, https:\/\/cinema-palace-53.fr\/wp-content\/uploads\/2026\/05\/A4-PROG-6-au-12-mai.jpg 1754w\" sizes=\"(max-width: 1024px) 100vw, 1024px\" \/>\t\t\t\t\t\t\t\t\t\t\t\t\t\t\t<\/div>\n\t\t\t\t<\/div>\n\t\t\t\t<div class=\"elementor-element elementor-element-59915a9 exad-sticky-section-no exad-glass-effect-no elementor-widget elementor-widget-image\" data-id=\"59915a9\" data-element_type=\"widget\" data-e-type=\"widget\" data-widget_type=\"image.default\">\n\t\t\t\t<div class=\"elementor-widget-container\">\n\t\t\t\t\t\t\t\t\t\t\t\t\t\t\t<img decoding=\"async\" width=\"1024\" height=\"724\" src=\"https:\/\/cinema-palace-53.fr\/wp-content\/uploads\/2026\/04\/A4-PROG29au5mai-1024x724.jpg\" class=\"attachment-large size-large wp-image-13124\" alt=\"\" srcset=\"https:\/\/cinema-palace-53.fr\/wp-content\/uploads\/2026\/04\/A4-PROG29au5mai-1024x724.jpg 1024w, https:\/\/cinema-palace-53.fr\/wp-content\/uploads\/2026\/04\/A4-PROG29au5mai-300x212.jpg 300w, https:\/\/cinema-palace-53.fr\/wp-content\/uploads\/2026\/04\/A4-PROG29au5mai-768x543.jpg 768w, https:\/\/cinema-palace-53.fr\/wp-content\/uploads\/2026\/04\/A4-PROG29au5mai-1536x1086.jpg 1536w, https:\/\/cinema-palace-53.fr\/wp-content\/uploads\/2026\/04\/A4-PROG29au5mai.jpg 1754w\" sizes=\"(max-width: 1024px) 100vw, 1024px\" \/>\t\t\t\t\t\t\t\t\t\t\t\t\t\t\t<\/div>\n\t\t\t\t<\/div>\n\t\t\t\t\t<\/div>\n\t\t<\/div>\n\t\t\t\t\t<\/div>\n\t\t<\/section>\n\t\t\t\t<section class=\"elementor-section elementor-top-section elementor-element elementor-element-d0e7831 elementor-section-boxed elementor-section-height-default elementor-section-height-default exad-glass-effect-no wpr-particle-no wpr-jarallax-no wpr-parallax-no wpr-sticky-section-no wpr-equal-height-no exad-sticky-section-no\" data-id=\"d0e7831\" data-element_type=\"section\" data-e-type=\"section\" data-settings=\"{&quot;background_background&quot;:&quot;classic&quot;}\">\n\t\t\t\t\t\t<div class=\"elementor-container elementor-column-gap-default\">\n\t\t\t\t\t<div class=\"elementor-column elementor-col-100 elementor-top-column elementor-element elementor-element-5efe56d exad-glass-effect-no exad-sticky-section-no\" data-id=\"5efe56d\" data-element_type=\"column\" data-e-type=\"column\" data-settings=\"{&quot;background_background&quot;:&quot;gradient&quot;}\">\n\t\t\t<div class=\"elementor-widget-wrap elementor-element-populated\">\n\t\t\t\t\t\t<div class=\"elementor-element elementor-element-c2957cd exad-sticky-section-no exad-glass-effect-no elementor-widget elementor-widget-heading\" data-id=\"c2957cd\" data-element_type=\"widget\" data-e-type=\"widget\" data-widget_type=\"heading.default\">\n\t\t\t\t<div class=\"elementor-widget-container\">\n\t\t\t\t\t<h2 class=\"elementor-heading-title elementor-size-default\">PROCHAINEMENT<\/h2>\t\t\t\t<\/div>\n\t\t\t\t<\/div>\n\t\t\t\t<div class=\"elementor-element elementor-element-433f1a0 elementor-widget__width-inherit gallery-spacing-custom exad-sticky-section-no exad-glass-effect-no elementor-widget elementor-widget-image-gallery\" data-id=\"433f1a0\" data-element_type=\"widget\" data-e-type=\"widget\" data-widget_type=\"image-gallery.default\">\n\t\t\t\t<div class=\"elementor-widget-container\">\n\t\t\t\t\t\t\t<div class=\"elementor-image-gallery\">\n\t\t\t<div id='gallery-1' class='gallery galleryid-1172 gallery-columns-5 gallery-size-medium'><figure class='gallery-item'>\n\t\t\t<div class='gallery-icon portrait'>\n\t\t\t\t<img decoding=\"async\" width=\"209\" height=\"300\" src=\"https:\/\/cinema-palace-53.fr\/wp-content\/uploads\/2026\/02\/le-diable-209x300.png\" class=\"attachment-medium size-medium\" alt=\"\" srcset=\"https:\/\/cinema-palace-53.fr\/wp-content\/uploads\/2026\/02\/le-diable-209x300.png 209w, https:\/\/cinema-palace-53.fr\/wp-content\/uploads\/2026\/02\/le-diable.png 508w\" sizes=\"(max-width: 209px) 100vw, 209px\" \/>\n\t\t\t<\/div><\/figure><figure class='gallery-item'>\n\t\t\t<div class='gallery-icon portrait'>\n\t\t\t\t<img loading=\"lazy\" decoding=\"async\" width=\"210\" height=\"300\" src=\"https:\/\/cinema-palace-53.fr\/wp-content\/uploads\/2026\/02\/mandalorian-210x300.png\" class=\"attachment-medium size-medium\" alt=\"\" srcset=\"https:\/\/cinema-palace-53.fr\/wp-content\/uploads\/2026\/02\/mandalorian-210x300.png 210w, https:\/\/cinema-palace-53.fr\/wp-content\/uploads\/2026\/02\/mandalorian-717x1024.png 717w, https:\/\/cinema-palace-53.fr\/wp-content\/uploads\/2026\/02\/mandalorian.png 756w\" sizes=\"(max-width: 210px) 100vw, 210px\" \/>\n\t\t\t<\/div><\/figure><figure class='gallery-item'>\n\t\t\t<div class='gallery-icon portrait'>\n\t\t\t\t<img loading=\"lazy\" decoding=\"async\" width=\"221\" height=\"300\" src=\"https:\/\/cinema-palace-53.fr\/wp-content\/uploads\/2026\/01\/disclosure-day-221x300.webp\" class=\"attachment-medium size-medium\" alt=\"\" srcset=\"https:\/\/cinema-palace-53.fr\/wp-content\/uploads\/2026\/01\/disclosure-day-221x300.webp 221w, https:\/\/cinema-palace-53.fr\/wp-content\/uploads\/2026\/01\/disclosure-day.webp 680w\" sizes=\"(max-width: 221px) 100vw, 221px\" \/>\n\t\t\t<\/div><\/figure><figure class='gallery-item'>\n\t\t\t<div class='gallery-icon portrait'>\n\t\t\t\t<img loading=\"lazy\" decoding=\"async\" width=\"221\" height=\"300\" src=\"https:\/\/cinema-palace-53.fr\/wp-content\/uploads\/2026\/03\/la-bataille-de-gaulle-221x300.jpg\" class=\"attachment-medium size-medium\" alt=\"\" srcset=\"https:\/\/cinema-palace-53.fr\/wp-content\/uploads\/2026\/03\/la-bataille-de-gaulle-221x300.jpg 221w, https:\/\/cinema-palace-53.fr\/wp-content\/uploads\/2026\/03\/la-bataille-de-gaulle-756x1024.jpg 756w, https:\/\/cinema-palace-53.fr\/wp-content\/uploads\/2026\/03\/la-bataille-de-gaulle-768x1041.jpg 768w, https:\/\/cinema-palace-53.fr\/wp-content\/uploads\/2026\/03\/la-bataille-de-gaulle.jpg 797w\" sizes=\"(max-width: 221px) 100vw, 221px\" \/>\n\t\t\t<\/div><\/figure><figure class='gallery-item'>\n\t\t\t<div class='gallery-icon portrait'>\n\t\t\t\t<img loading=\"lazy\" decoding=\"async\" width=\"240\" height=\"300\" src=\"https:\/\/cinema-palace-53.fr\/wp-content\/uploads\/2026\/04\/la-fin-240x300.jpg\" class=\"attachment-medium size-medium\" alt=\"\" srcset=\"https:\/\/cinema-palace-53.fr\/wp-content\/uploads\/2026\/04\/la-fin-240x300.jpg 240w, https:\/\/cinema-palace-53.fr\/wp-content\/uploads\/2026\/04\/la-fin-819x1024.jpg 819w, https:\/\/cinema-palace-53.fr\/wp-content\/uploads\/2026\/04\/la-fin-768x960.jpg 768w, https:\/\/cinema-palace-53.fr\/wp-content\/uploads\/2026\/04\/la-fin.jpg 864w\" sizes=\"(max-width: 240px) 100vw, 240px\" \/>\n\t\t\t<\/div><\/figure><figure class='gallery-item'>\n\t\t\t<div class='gallery-icon portrait'>\n\t\t\t\t<img loading=\"lazy\" decoding=\"async\" width=\"240\" height=\"300\" src=\"https:\/\/cinema-palace-53.fr\/wp-content\/uploads\/2026\/04\/scary-movie-5-240x300.png\" class=\"attachment-medium size-medium\" alt=\"\" srcset=\"https:\/\/cinema-palace-53.fr\/wp-content\/uploads\/2026\/04\/scary-movie-5-240x300.png 240w, https:\/\/cinema-palace-53.fr\/wp-content\/uploads\/2026\/04\/scary-movie-5-819x1024.png 819w, https:\/\/cinema-palace-53.fr\/wp-content\/uploads\/2026\/04\/scary-movie-5-768x960.png 768w, https:\/\/cinema-palace-53.fr\/wp-content\/uploads\/2026\/04\/scary-movie-5.png 864w\" sizes=\"(max-width: 240px) 100vw, 240px\" \/>\n\t\t\t<\/div><\/figure><figure class='gallery-item'>\n\t\t\t<div class='gallery-icon portrait'>\n\t\t\t\t<img loading=\"lazy\" decoding=\"async\" width=\"237\" height=\"300\" src=\"https:\/\/cinema-palace-53.fr\/wp-content\/uploads\/2026\/04\/toy-story-5-237x300.png\" class=\"attachment-medium size-medium\" alt=\"\" srcset=\"https:\/\/cinema-palace-53.fr\/wp-content\/uploads\/2026\/04\/toy-story-5-237x300.png 237w, https:\/\/cinema-palace-53.fr\/wp-content\/uploads\/2026\/04\/toy-story-5.png 637w\" sizes=\"(max-width: 237px) 100vw, 237px\" \/>\n\t\t\t<\/div><\/figure><figure class='gallery-item'>\n\t\t\t<div class='gallery-icon portrait'>\n\t\t\t\t<img loading=\"lazy\" decoding=\"async\" width=\"225\" height=\"300\" src=\"https:\/\/cinema-palace-53.fr\/wp-content\/uploads\/2026\/04\/minion-225x300.png\" class=\"attachment-medium size-medium\" alt=\"\" srcset=\"https:\/\/cinema-palace-53.fr\/wp-content\/uploads\/2026\/04\/minion-225x300.png 225w, https:\/\/cinema-palace-53.fr\/wp-content\/uploads\/2026\/04\/minion-768x1024.png 768w, https:\/\/cinema-palace-53.fr\/wp-content\/uploads\/2026\/04\/minion.png 810w\" sizes=\"(max-width: 225px) 100vw, 225px\" \/>\n\t\t\t<\/div><\/figure><figure class='gallery-item'>\n\t\t\t<div class='gallery-icon portrait'>\n\t\t\t\t<img loading=\"lazy\" decoding=\"async\" width=\"203\" height=\"300\" src=\"https:\/\/cinema-palace-53.fr\/wp-content\/uploads\/2026\/04\/la-pat-patrouille-203x300.jpg\" class=\"attachment-medium size-medium\" alt=\"\" srcset=\"https:\/\/cinema-palace-53.fr\/wp-content\/uploads\/2026\/04\/la-pat-patrouille-203x300.jpg 203w, https:\/\/cinema-palace-53.fr\/wp-content\/uploads\/2026\/04\/la-pat-patrouille-693x1024.jpg 693w, https:\/\/cinema-palace-53.fr\/wp-content\/uploads\/2026\/04\/la-pat-patrouille.jpg 731w\" sizes=\"(max-width: 203px) 100vw, 203px\" \/>\n\t\t\t<\/div><\/figure><figure class='gallery-item'>\n\t\t\t<div class='gallery-icon portrait'>\n\t\t\t\t<img loading=\"lazy\" decoding=\"async\" width=\"240\" height=\"300\" src=\"https:\/\/cinema-palace-53.fr\/wp-content\/uploads\/2026\/04\/dune-3-1-240x300.jpg\" class=\"attachment-medium size-medium\" alt=\"\" srcset=\"https:\/\/cinema-palace-53.fr\/wp-content\/uploads\/2026\/04\/dune-3-1-240x300.jpg 240w, https:\/\/cinema-palace-53.fr\/wp-content\/uploads\/2026\/04\/dune-3-1-819x1024.jpg 819w, https:\/\/cinema-palace-53.fr\/wp-content\/uploads\/2026\/04\/dune-3-1-768x960.jpg 768w, https:\/\/cinema-palace-53.fr\/wp-content\/uploads\/2026\/04\/dune-3-1.jpg 864w\" sizes=\"(max-width: 240px) 100vw, 240px\" \/>\n\t\t\t<\/div><\/figure><figure class='gallery-item'>\n\t\t\t<div class='gallery-icon portrait'>\n\t\t\t\t<img loading=\"lazy\" decoding=\"async\" width=\"203\" height=\"300\" src=\"https:\/\/cinema-palace-53.fr\/wp-content\/uploads\/2026\/04\/vaiana-1-203x300.jpg\" class=\"attachment-medium size-medium\" alt=\"\" srcset=\"https:\/\/cinema-palace-53.fr\/wp-content\/uploads\/2026\/04\/vaiana-1-203x300.jpg 203w, https:\/\/cinema-palace-53.fr\/wp-content\/uploads\/2026\/04\/vaiana-1-691x1024.jpg 691w, https:\/\/cinema-palace-53.fr\/wp-content\/uploads\/2026\/04\/vaiana-1.jpg 729w\" sizes=\"(max-width: 203px) 100vw, 203px\" \/>\n\t\t\t<\/div><\/figure><figure class='gallery-item'>\n\t\t\t<div class='gallery-icon portrait'>\n\t\t\t\t<img loading=\"lazy\" decoding=\"async\" width=\"225\" height=\"300\" src=\"https:\/\/cinema-palace-53.fr\/wp-content\/uploads\/2026\/04\/hunger-1-225x300.png\" class=\"attachment-medium size-medium\" alt=\"\" srcset=\"https:\/\/cinema-palace-53.fr\/wp-content\/uploads\/2026\/04\/hunger-1-225x300.png 225w, https:\/\/cinema-palace-53.fr\/wp-content\/uploads\/2026\/04\/hunger-1-768x1024.png 768w, https:\/\/cinema-palace-53.fr\/wp-content\/uploads\/2026\/04\/hunger-1.png 810w\" sizes=\"(max-width: 225px) 100vw, 225px\" \/>\n\t\t\t<\/div><\/figure><figure class='gallery-item'>\n\t\t\t<div class='gallery-icon portrait'>\n\t\t\t\t<img loading=\"lazy\" decoding=\"async\" width=\"221\" height=\"300\" src=\"https:\/\/cinema-palace-53.fr\/wp-content\/uploads\/2026\/04\/asterix-221x300.jpg\" class=\"attachment-medium size-medium\" alt=\"\" srcset=\"https:\/\/cinema-palace-53.fr\/wp-content\/uploads\/2026\/04\/asterix-221x300.jpg 221w, https:\/\/cinema-palace-53.fr\/wp-content\/uploads\/2026\/04\/asterix-755x1024.jpg 755w, https:\/\/cinema-palace-53.fr\/wp-content\/uploads\/2026\/04\/asterix-768x1042.jpg 768w, https:\/\/cinema-palace-53.fr\/wp-content\/uploads\/2026\/04\/asterix.jpg 796w\" sizes=\"(max-width: 221px) 100vw, 221px\" \/>\n\t\t\t<\/div><\/figure><figure class='gallery-item'>\n\t\t\t<div class='gallery-icon portrait'>\n\t\t\t\t<img loading=\"lazy\" decoding=\"async\" width=\"225\" height=\"300\" src=\"https:\/\/cinema-palace-53.fr\/wp-content\/uploads\/2026\/04\/supergirl-225x300.jpg\" class=\"attachment-medium size-medium\" alt=\"\" srcset=\"https:\/\/cinema-palace-53.fr\/wp-content\/uploads\/2026\/04\/supergirl-225x300.jpg 225w, https:\/\/cinema-palace-53.fr\/wp-content\/uploads\/2026\/04\/supergirl-768x1024.jpg 768w, https:\/\/cinema-palace-53.fr\/wp-content\/uploads\/2026\/04\/supergirl.jpg 810w\" sizes=\"(max-width: 225px) 100vw, 225px\" \/>\n\t\t\t<\/div><\/figure><figure class='gallery-item'>\n\t\t\t<div class='gallery-icon portrait'>\n\t\t\t\t<img loading=\"lazy\" decoding=\"async\" width=\"221\" height=\"300\" src=\"https:\/\/cinema-palace-53.fr\/wp-content\/uploads\/2026\/04\/la-venus-1-221x300.png\" class=\"attachment-medium size-medium\" alt=\"\" srcset=\"https:\/\/cinema-palace-53.fr\/wp-content\/uploads\/2026\/04\/la-venus-1-221x300.png 221w, https:\/\/cinema-palace-53.fr\/wp-content\/uploads\/2026\/04\/la-venus-1.png 680w\" sizes=\"(max-width: 221px) 100vw, 221px\" \/>\n\t\t\t<\/div><\/figure>\n\t\t<\/div>\n\t\t<\/div>\n\t\t\t\t\t\t<\/div>\n\t\t\t\t<\/div>\n\t\t\t\t\t<\/div>\n\t\t<\/div>\n\t\t\t\t\t<\/div>\n\t\t<\/section>\n\t\t\t\t<\/div>\n\t\t","protected":false},"excerpt":{"rendered":"<p>PROGRAMME Vous pouvez t\u00e9l\u00e9charger votre programme, l&rsquo;imprimer ou zoomer l&rsquo;image Le programme ant\u00e9rieur (du 29 au 05 mai) se trouve sous le nouveau ! PROCHAINEMENT<\/p>\n","protected":false},"author":2,"featured_media":0,"parent":0,"menu_order":0,"comment_status":"closed","ping_status":"open","template":"","meta":{"om_disable_all_campaigns":false,"ocean_post_layout":"full-width","ocean_both_sidebars_style":"","ocean_both_sidebars_content_width":0,"ocean_both_sidebars_sidebars_width":0,"ocean_sidebar":"0","ocean_second_sidebar":"0","ocean_disable_margins":"enable","ocean_add_body_class":"","ocean_shortcode_before_top_bar":"","ocean_shortcode_after_top_bar":"","ocean_shortcode_before_header":"","ocean_shortcode_after_header":"","ocean_has_shortcode":"","ocean_shortcode_after_title":"","ocean_shortcode_before_footer_widgets":"","ocean_shortcode_after_footer_widgets":"","ocean_shortcode_before_footer_bottom":"","ocean_shortcode_after_footer_bottom":"","ocean_display_top_bar":"default","ocean_display_header":"default","ocean_header_style":"","ocean_center_header_left_menu":"0","ocean_custom_header_template":"0","ocean_custom_logo":0,"ocean_custom_retina_logo":0,"ocean_custom_logo_max_width":0,"ocean_custom_logo_tablet_max_width":0,"ocean_custom_logo_mobile_max_width":0,"ocean_custom_logo_max_height":0,"ocean_custom_logo_tablet_max_height":0,"ocean_custom_logo_mobile_max_height":0,"ocean_header_custom_menu":"0","ocean_menu_typo_font_family":"0","ocean_menu_typo_font_subset":"","ocean_menu_typo_font_size":0,"ocean_menu_typo_font_size_tablet":0,"ocean_menu_typo_font_size_mobile":0,"ocean_menu_typo_font_size_unit":"px","ocean_menu_typo_font_weight":"","ocean_menu_typo_font_weight_tablet":"","ocean_menu_typo_font_weight_mobile":"","ocean_menu_typo_transform":"","ocean_menu_typo_transform_tablet":"","ocean_menu_typo_transform_mobile":"","ocean_menu_typo_line_height":0,"ocean_menu_typo_line_height_tablet":0,"ocean_menu_typo_line_height_mobile":0,"ocean_menu_typo_line_height_unit":"","ocean_menu_typo_spacing":0,"ocean_menu_typo_spacing_tablet":0,"ocean_menu_typo_spacing_mobile":0,"ocean_menu_typo_spacing_unit":"","ocean_menu_link_color":"","ocean_menu_link_color_hover":"","ocean_menu_link_color_active":"","ocean_menu_link_background":"","ocean_menu_link_hover_background":"","ocean_menu_link_active_background":"","ocean_menu_social_links_bg":"","ocean_menu_social_hover_links_bg":"","ocean_menu_social_links_color":"","ocean_menu_social_hover_links_color":"","ocean_disable_title":"on","ocean_disable_heading":"default","ocean_post_title":"","ocean_post_subheading":"","ocean_post_title_style":"","ocean_post_title_background_color":"","ocean_post_title_background":0,"ocean_post_title_bg_image_position":"","ocean_post_title_bg_image_attachment":"","ocean_post_title_bg_image_repeat":"","ocean_post_title_bg_image_size":"","ocean_post_title_height":0,"ocean_post_title_bg_overlay":0.5,"ocean_post_title_bg_overlay_color":"","ocean_disable_breadcrumbs":"default","ocean_breadcrumbs_color":"","ocean_breadcrumbs_separator_color":"","ocean_breadcrumbs_links_color":"","ocean_breadcrumbs_links_hover_color":"","ocean_display_footer_widgets":"default","ocean_display_footer_bottom":"default","ocean_custom_footer_template":"0","footnotes":""},"class_list":["post-1172","page","type-page","status-publish","hentry","entry"],"aioseo_notices":[],"_links":{"self":[{"href":"https:\/\/cinema-palace-53.fr\/index.php?rest_route=\/wp\/v2\/pages\/1172","targetHints":{"allow":["GET"]}}],"collection":[{"href":"https:\/\/cinema-palace-53.fr\/index.php?rest_route=\/wp\/v2\/pages"}],"about":[{"href":"https:\/\/cinema-palace-53.fr\/index.php?rest_route=\/wp\/v2\/types\/page"}],"author":[{"embeddable":true,"href":"https:\/\/cinema-palace-53.fr\/index.php?rest_route=\/wp\/v2\/users\/2"}],"replies":[{"embeddable":true,"href":"https:\/\/cinema-palace-53.fr\/index.php?rest_route=%2Fwp%2Fv2%2Fcomments&post=1172"}],"version-history":[{"count":1120,"href":"https:\/\/cinema-palace-53.fr\/index.php?rest_route=\/wp\/v2\/pages\/1172\/revisions"}],"predecessor-version":[{"id":13178,"href":"https:\/\/cinema-palace-53.fr\/index.php?rest_route=\/wp\/v2\/pages\/1172\/revisions\/13178"}],"wp:attachment":[{"href":"https:\/\/cinema-palace-53.fr\/index.php?rest_route=%2Fwp%2Fv2%2Fmedia&parent=1172"}],"curies":[{"name":"wp","href":"https:\/\/api.w.org\/{rel}","templated":true}]}}