{"id":5730,"date":"2024-02-16T10:27:54","date_gmt":"2024-02-16T09:27:54","guid":{"rendered":"https:\/\/cinema-palace-53.fr\/?page_id=5730"},"modified":"2026-04-01T15:49:55","modified_gmt":"2026-04-01T14:49:55","slug":"lespace-agape","status":"publish","type":"page","link":"https:\/\/cinema-palace-53.fr\/?page_id=5730","title":{"rendered":"L&rsquo;Espace Agap\u00e9"},"content":{"rendered":"\t\t<div data-elementor-type=\"wp-page\" data-elementor-id=\"5730\" class=\"elementor elementor-5730\">\n\t\t\t\t\t\t<section class=\"elementor-section elementor-top-section elementor-element elementor-element-ca5e6e0 elementor-section-boxed elementor-section-height-default elementor-section-height-default exad-glass-effect-no wpr-particle-no wpr-jarallax-no wpr-parallax-no wpr-sticky-section-no wpr-equal-height-no exad-sticky-section-no\" data-id=\"ca5e6e0\" data-element_type=\"section\" data-e-type=\"section\" data-settings=\"{&quot;background_background&quot;:&quot;classic&quot;}\">\n\t\t\t\t\t\t<div class=\"elementor-container elementor-column-gap-default\">\n\t\t\t\t\t<div class=\"elementor-column elementor-col-100 elementor-top-column elementor-element elementor-element-cdff1a8 exad-glass-effect-no exad-sticky-section-no\" data-id=\"cdff1a8\" data-element_type=\"column\" data-e-type=\"column\" data-settings=\"{&quot;background_background&quot;:&quot;classic&quot;}\">\n\t\t\t<div class=\"elementor-widget-wrap elementor-element-populated\">\n\t\t\t\t\t\t<div class=\"elementor-element elementor-element-af25632 exad-sticky-section-no exad-glass-effect-no elementor-widget elementor-widget-heading\" data-id=\"af25632\" data-element_type=\"widget\" data-e-type=\"widget\" data-widget_type=\"heading.default\">\n\t\t\t\t<div class=\"elementor-widget-container\">\n\t\t\t\t\t<h2 class=\"elementor-heading-title elementor-size-default\">L'ESPACE AGAPE<\/h2>\t\t\t\t<\/div>\n\t\t\t\t<\/div>\n\t\t\t\t<div class=\"elementor-element elementor-element-aff322e exad-sticky-section-no exad-glass-effect-no elementor-widget elementor-widget-text-editor\" data-id=\"aff322e\" data-element_type=\"widget\" data-e-type=\"widget\" data-widget_type=\"text-editor.default\">\n\t\t\t\t<div class=\"elementor-widget-container\">\n\t\t\t\t\t\t\t\t\t<p style=\"text-align: center;\">5 rue Saint Anne (\u00e0 cot\u00e9 du cin\u00e9ma)<br \/>Tiers-lieu \u00e0 but non lucratif g\u00e9r\u00e9 par l&rsquo;association \u00ab\u00a0Consciensa\u00a0\u00bb<\/p>\t\t\t\t\t\t\t\t<\/div>\n\t\t\t\t<\/div>\n\t\t\t\t<div class=\"elementor-element elementor-element-ab82674 elementor-widget__width-initial exad-sticky-section-no exad-glass-effect-no elementor-widget elementor-widget-image\" data-id=\"ab82674\" data-element_type=\"widget\" data-e-type=\"widget\" data-widget_type=\"image.default\">\n\t\t\t\t<div class=\"elementor-widget-container\">\n\t\t\t\t\t\t\t\t\t\t\t\t\t\t\t<img fetchpriority=\"high\" decoding=\"async\" width=\"300\" height=\"225\" src=\"https:\/\/cinema-palace-53.fr\/wp-content\/uploads\/2026\/03\/photo-AGAPE-300x225.jpeg\" class=\"attachment-medium size-medium wp-image-12524\" alt=\"\" srcset=\"https:\/\/cinema-palace-53.fr\/wp-content\/uploads\/2026\/03\/photo-AGAPE-300x225.jpeg 300w, https:\/\/cinema-palace-53.fr\/wp-content\/uploads\/2026\/03\/photo-AGAPE-1024x768.jpeg 1024w, https:\/\/cinema-palace-53.fr\/wp-content\/uploads\/2026\/03\/photo-AGAPE-768x576.jpeg 768w, https:\/\/cinema-palace-53.fr\/wp-content\/uploads\/2026\/03\/photo-AGAPE-1536x1152.jpeg 1536w, https:\/\/cinema-palace-53.fr\/wp-content\/uploads\/2026\/03\/photo-AGAPE.jpeg 2016w\" sizes=\"(max-width: 300px) 100vw, 300px\" \/>\t\t\t\t\t\t\t\t\t\t\t\t\t\t\t<\/div>\n\t\t\t\t<\/div>\n\t\t\t\t<div class=\"elementor-element elementor-element-0f1bf7c exad-sticky-section-no exad-glass-effect-no elementor-widget elementor-widget-text-editor\" data-id=\"0f1bf7c\" data-element_type=\"widget\" data-e-type=\"widget\" data-widget_type=\"text-editor.default\">\n\t\t\t\t<div class=\"elementor-widget-container\">\n\t\t\t\t\t\t\t\t\t<h1 style=\"text-align: center;\"><span style=\"color: #339966;\">Rencontres inspirantes &#8211; convivialit\u00e9 &#8211; ateliers artistiques &#8211; conf\u00e9rences &#8211; concerts &#8211; bar d\u00e9tente &#8211; cercles de chant, de paroles &#8211; caf\u00e9 empathie &#8211; m\u00e9ditation &#8211; et plus&#8230;\u00a0 \u00a0\u00a0<\/span><\/h1><p style=\"text-align: center;\"><strong>recevoir les infos &#8211; proposer une animation : E-mail : consciensa@gmail.com<\/strong><\/p>\t\t\t\t\t\t\t\t<\/div>\n\t\t\t\t<\/div>\n\t\t\t\t<div class=\"elementor-element elementor-element-21c4ea3 exad-sticky-section-no exad-glass-effect-no elementor-widget elementor-widget-text-editor\" data-id=\"21c4ea3\" data-element_type=\"widget\" data-e-type=\"widget\" data-widget_type=\"text-editor.default\">\n\t\t\t\t<div class=\"elementor-widget-container\">\n\t\t\t\t\t\t\t\t\t<h2 dir=\"auto\" style=\"text-align: left; padding-left: 40px;\"><span style=\"color: #ff00ff;\">Notre<\/span><strong><span style=\"color: #ff00ff;\"> charte : <\/span><\/strong><\/h2><h2 dir=\"auto\" style=\"text-align: left; padding-left: 40px;\"><span style=\"color: #ff00ff;\">Consciensa est une association \u00e0 but non lucratif n\u00e9e de l&rsquo;initiative de femmes et d&rsquo;hommes qui veulent oeuvrer ensemble \u00e0 une transformation int\u00e9rieure pour un monde plus conscient et plus juste.<\/span><\/h2><h2 style=\"text-align: left; padding-left: 40px;\"><span style=\"color: #ff00ff;\">Nos actions se font sur l&rsquo;\u00e9ducation, l&rsquo;\u00e9cologie, la sant\u00e9, l&rsquo;art et la spiritualit\u00e9.<\/span><\/h2><h2 style=\"text-align: left; padding-left: 40px;\"><span style=\"color: #ff00ff;\">Nous partageons la vision d&rsquo;une humanit\u00e9 consciente et responsable.<\/span><\/h2><h2 style=\"text-align: left; padding-left: 40px;\"><span style=\"color: #ff00ff;\">Cette charte est une invitation \u00e0 \u00eatre unis pour la construction d&rsquo;un futur d\u00e9sirable.<\/span><\/h2>\t\t\t\t\t\t\t\t<\/div>\n\t\t\t\t<\/div>\n\t\t\t\t\t<\/div>\n\t\t<\/div>\n\t\t\t\t\t<\/div>\n\t\t<\/section>\n\t\t\t\t<section class=\"elementor-section elementor-top-section elementor-element elementor-element-e205273 elementor-section-boxed elementor-section-height-default elementor-section-height-default exad-glass-effect-no wpr-particle-no wpr-jarallax-no wpr-parallax-no wpr-sticky-section-no wpr-equal-height-no exad-sticky-section-no\" data-id=\"e205273\" data-element_type=\"section\" data-e-type=\"section\">\n\t\t\t\t\t\t<div class=\"elementor-container elementor-column-gap-default\">\n\t\t\t\t\t<div class=\"elementor-column elementor-col-100 elementor-top-column elementor-element elementor-element-982125c exad-glass-effect-no exad-sticky-section-no\" data-id=\"982125c\" data-element_type=\"column\" data-e-type=\"column\">\n\t\t\t<div class=\"elementor-widget-wrap elementor-element-populated\">\n\t\t\t\t\t\t<div class=\"elementor-element elementor-element-f31a988 exad-sticky-section-no exad-glass-effect-no elementor-widget elementor-widget-heading\" data-id=\"f31a988\" data-element_type=\"widget\" data-e-type=\"widget\" data-widget_type=\"heading.default\">\n\t\t\t\t<div class=\"elementor-widget-container\">\n\t\t\t\t\t<h2 class=\"elementor-heading-title elementor-size-default\">Les animations et ateliers <br> <\/h2>\t\t\t\t<\/div>\n\t\t\t\t<\/div>\n\t\t\t\t<div class=\"elementor-element elementor-element-dea8271 elementor-position-left elementor-vertical-align-top exad-sticky-section-no exad-glass-effect-no elementor-widget elementor-widget-image-box\" data-id=\"dea8271\" data-element_type=\"widget\" data-e-type=\"widget\" data-widget_type=\"image-box.default\">\n\t\t\t\t<div class=\"elementor-widget-container\">\n\t\t\t\t\t<div class=\"elementor-image-box-wrapper\"><figure class=\"elementor-image-box-img\"><img decoding=\"async\" width=\"290\" height=\"300\" src=\"https:\/\/cinema-palace-53.fr\/wp-content\/uploads\/2026\/04\/clown-290x300.jpg\" class=\"attachment-medium size-medium wp-image-12839\" alt=\"\" srcset=\"https:\/\/cinema-palace-53.fr\/wp-content\/uploads\/2026\/04\/clown-290x300.jpg 290w, https:\/\/cinema-palace-53.fr\/wp-content\/uploads\/2026\/04\/clown.jpg 600w\" sizes=\"(max-width: 290px) 100vw, 290px\" \/><\/figure><div class=\"elementor-image-box-content\"><h3 class=\"elementor-image-box-title\">Stage Clown Tr\u00e9sor u 11 au 12 avril  9h00 12h00 et 13h 17h  <\/h3><p class=\"elementor-image-box-description\">Un stage o\u00f9 il fait bon vivre : des jeux, des improvisations, du clown, de la danse...\nviens te laisser emporter par la musique, aller \u00e0 la rencontre de cet \u00eatre libre, extraordinaire qui sommeille. en toi...  \u00e0 partir de 18 ans  tarif 130\u20ac inscription Mathieu :  06 89 38 73 04 \nrepas et logement en sus<\/p><\/div><\/div>\t\t\t\t<\/div>\n\t\t\t\t<\/div>\n\t\t\t\t<div class=\"elementor-element elementor-element-174c346 elementor-position-right elementor-vertical-align-middle exad-sticky-section-no exad-glass-effect-no elementor-widget elementor-widget-image-box\" data-id=\"174c346\" data-element_type=\"widget\" data-e-type=\"widget\" data-widget_type=\"image-box.default\">\n\t\t\t\t<div class=\"elementor-widget-container\">\n\t\t\t\t\t<div class=\"elementor-image-box-wrapper\"><figure class=\"elementor-image-box-img\"><img decoding=\"async\" width=\"212\" height=\"300\" src=\"https:\/\/cinema-palace-53.fr\/wp-content\/uploads\/2026\/04\/fripes-vinyles-1-212x300.png\" class=\"attachment-medium size-medium wp-image-12840\" alt=\"\" srcset=\"https:\/\/cinema-palace-53.fr\/wp-content\/uploads\/2026\/04\/fripes-vinyles-1-212x300.png 212w, https:\/\/cinema-palace-53.fr\/wp-content\/uploads\/2026\/04\/fripes-vinyles-1-724x1024.png 724w, https:\/\/cinema-palace-53.fr\/wp-content\/uploads\/2026\/04\/fripes-vinyles-1-768x1086.png 768w, https:\/\/cinema-palace-53.fr\/wp-content\/uploads\/2026\/04\/fripes-vinyles-1-1086x1536.png 1086w, https:\/\/cinema-palace-53.fr\/wp-content\/uploads\/2026\/04\/fripes-vinyles-1-1448x2048.png 1448w, https:\/\/cinema-palace-53.fr\/wp-content\/uploads\/2026\/04\/fripes-vinyles-1.png 1587w\" sizes=\"(max-width: 212px) 100vw, 212px\" \/><\/figure><div class=\"elementor-image-box-content\"><h3 class=\"elementor-image-box-title\">GRANDE VENTE DE FRIPES &amp; VINYLES - dimanche 26 avril  - 9 \u00e0 18h<\/h3><p class=\"elementor-image-box-description\">EDITION 2 \n\n\nENTREE GRATUITE\n\n\nBAR  DETENTE<\/p><\/div><\/div>\t\t\t\t<\/div>\n\t\t\t\t<\/div>\n\t\t\t\t<div class=\"elementor-element elementor-element-0ef10ab elementor-position-left elementor-vertical-align-middle exad-sticky-section-no exad-glass-effect-no elementor-widget elementor-widget-image-box\" data-id=\"0ef10ab\" data-element_type=\"widget\" data-e-type=\"widget\" data-widget_type=\"image-box.default\">\n\t\t\t\t<div class=\"elementor-widget-container\">\n\t\t\t\t\t<div class=\"elementor-image-box-wrapper\"><figure class=\"elementor-image-box-img\"><img loading=\"lazy\" decoding=\"async\" width=\"212\" height=\"300\" src=\"https:\/\/cinema-palace-53.fr\/wp-content\/uploads\/2026\/04\/Ateliers-Meditations-2026-Espace-Agape-nouveau-212x300.jpg\" class=\"attachment-medium size-medium wp-image-12841\" alt=\"\" srcset=\"https:\/\/cinema-palace-53.fr\/wp-content\/uploads\/2026\/04\/Ateliers-Meditations-2026-Espace-Agape-nouveau-212x300.jpg 212w, https:\/\/cinema-palace-53.fr\/wp-content\/uploads\/2026\/04\/Ateliers-Meditations-2026-Espace-Agape-nouveau.jpg 724w\" sizes=\"(max-width: 212px) 100vw, 212px\" \/><\/figure><div class=\"elementor-image-box-content\"><h3 class=\"elementor-image-box-title\">MEDITATIONS EN 2026   LES MARDIS :  28 AVRIL - 26 MAI - 23 JUIN<\/h3><p class=\"elementor-image-box-description\">L\u00e2cher-prise, respiration consciente, observation int\u00e9rieure. \n\nM\u00e9diter ensemble pour la paix en soi et dans le monde\n\ninscription : Dominique : 06 15 60 23 49<\/p><\/div><\/div>\t\t\t\t<\/div>\n\t\t\t\t<\/div>\n\t\t\t\t\t<\/div>\n\t\t<\/div>\n\t\t\t\t\t<\/div>\n\t\t<\/section>\n\t\t\t\t<section class=\"elementor-section elementor-top-section elementor-element elementor-element-f1eef7e elementor-section-boxed elementor-section-height-default elementor-section-height-default exad-glass-effect-no wpr-particle-no wpr-jarallax-no wpr-parallax-no wpr-sticky-section-no wpr-equal-height-no exad-sticky-section-no\" data-id=\"f1eef7e\" data-element_type=\"section\" data-e-type=\"section\" data-settings=\"{&quot;background_background&quot;:&quot;classic&quot;}\">\n\t\t\t\t\t\t<div class=\"elementor-container elementor-column-gap-default\">\n\t\t\t\t\t<div class=\"elementor-column elementor-col-100 elementor-top-column elementor-element elementor-element-41366ab exad-glass-effect-no exad-sticky-section-no\" data-id=\"41366ab\" data-element_type=\"column\" data-e-type=\"column\">\n\t\t\t<div class=\"elementor-widget-wrap elementor-element-populated\">\n\t\t\t\t\t\t<div class=\"elementor-element elementor-element-913ef8c exad-sticky-section-no exad-glass-effect-no elementor-widget elementor-widget-text-editor\" data-id=\"913ef8c\" data-element_type=\"widget\" data-e-type=\"widget\" data-widget_type=\"text-editor.default\">\n\t\t\t\t<div class=\"elementor-widget-container\">\n\t\t\t\t\t\t\t\t\t<h6 style=\"text-align: center;\">Adresse : L&rsquo;Espace Agap\u00e9 5 rue Saint Anne 53200 Chateau Gontier<\/h6><h5 style=\"text-align: center;\">Gestion: Association Consciensa<\/h5><h5 style=\"text-align: center;\">Contact :\u00a0 mail : consciensa@gmail.com<\/h5>\t\t\t\t\t\t\t\t<\/div>\n\t\t\t\t<\/div>\n\t\t\t\t\t<\/div>\n\t\t<\/div>\n\t\t\t\t\t<\/div>\n\t\t<\/section>\n\t\t\t\t<\/div>\n\t\t","protected":false},"excerpt":{"rendered":"<p>L&rsquo;ESPACE AGAPE 5 rue Saint Anne (\u00e0 cot\u00e9 du cin\u00e9ma)Tiers-lieu \u00e0 but non lucratif g\u00e9r\u00e9 par l&rsquo;association \u00ab\u00a0Consciensa\u00a0\u00bb Rencontres inspirantes &#8211; convivialit\u00e9 &#8211; ateliers artistiques &#8211; conf\u00e9rences &#8211; concerts &#8211; bar d\u00e9tente &#8211; cercles de chant, de paroles &#8211; caf\u00e9 empathie &#8211; m\u00e9ditation &#8211; et plus&#8230;\u00a0 \u00a0\u00a0 recevoir les infos &#8211; proposer une animation : E-mail : consciensa@gmail.com Notre charte : Consciensa est une association \u00e0 but non lucratif n\u00e9e de l&rsquo;initiative de femmes et d&rsquo;hommes qui veulent oeuvrer ensemble \u00e0 une transformation int\u00e9rieure pour un monde plus conscient et plus juste. Nos actions se font sur l&rsquo;\u00e9ducation, l&rsquo;\u00e9cologie, la sant\u00e9, l&rsquo;art et la spiritualit\u00e9. Nous partageons la vision d&rsquo;une humanit\u00e9 consciente et responsable. Cette charte est une invitation \u00e0 \u00eatre unis pour la construction d&rsquo;un futur d\u00e9sirable. Les animations et ateliers Stage Clown Tr\u00e9sor u 11 au 12 avril 9h00 12h00 et 13h 17h Un stage o\u00f9 il fait bon vivre : des jeux, des improvisations, du clown, de la danse&#8230; viens te laisser emporter par la musique, aller \u00e0 la rencontre de cet \u00eatre libre, extraordinaire qui sommeille. en toi&#8230; \u00e0 partir de 18 ans tarif 130\u20ac inscription Mathieu : 06 89 38 73 04 repas et logement en sus GRANDE VENTE DE FRIPES &amp; VINYLES &#8211; dimanche 26 avril &#8211; 9 \u00e0 18h EDITION 2 ENTREE GRATUITE BAR DETENTE MEDITATIONS EN 2026 LES MARDIS : 28 AVRIL &#8211; 26 MAI &#8211; 23 JUIN L\u00e2cher-prise, respiration consciente, observation int\u00e9rieure. M\u00e9diter ensemble pour la paix en soi et dans le monde inscription : Dominique : 06 15 60 23 49 Adresse : L&rsquo;Espace Agap\u00e9 5 rue Saint Anne 53200 Chateau Gontier Gestion: Association Consciensa Contact :\u00a0 mail : consciensa@gmail.com<\/p>\n","protected":false},"author":3,"featured_media":0,"parent":0,"menu_order":0,"comment_status":"closed","ping_status":"closed","template":"","meta":{"om_disable_all_campaigns":false,"ocean_post_layout":"","ocean_both_sidebars_style":"","ocean_both_sidebars_content_width":0,"ocean_both_sidebars_sidebars_width":0,"ocean_sidebar":"","ocean_second_sidebar":"","ocean_disable_margins":"enable","ocean_add_body_class":"","ocean_shortcode_before_top_bar":"","ocean_shortcode_after_top_bar":"","ocean_shortcode_before_header":"","ocean_shortcode_after_header":"","ocean_has_shortcode":"","ocean_shortcode_after_title":"","ocean_shortcode_before_footer_widgets":"","ocean_shortcode_after_footer_widgets":"","ocean_shortcode_before_footer_bottom":"","ocean_shortcode_after_footer_bottom":"","ocean_display_top_bar":"default","ocean_display_header":"default","ocean_header_style":"","ocean_center_header_left_menu":"","ocean_custom_header_template":"","ocean_custom_logo":0,"ocean_custom_retina_logo":0,"ocean_custom_logo_max_width":0,"ocean_custom_logo_tablet_max_width":0,"ocean_custom_logo_mobile_max_width":0,"ocean_custom_logo_max_height":0,"ocean_custom_logo_tablet_max_height":0,"ocean_custom_logo_mobile_max_height":0,"ocean_header_custom_menu":"","ocean_menu_typo_font_family":"","ocean_menu_typo_font_subset":"","ocean_menu_typo_font_size":0,"ocean_menu_typo_font_size_tablet":0,"ocean_menu_typo_font_size_mobile":0,"ocean_menu_typo_font_size_unit":"px","ocean_menu_typo_font_weight":"","ocean_menu_typo_font_weight_tablet":"","ocean_menu_typo_font_weight_mobile":"","ocean_menu_typo_transform":"","ocean_menu_typo_transform_tablet":"","ocean_menu_typo_transform_mobile":"","ocean_menu_typo_line_height":0,"ocean_menu_typo_line_height_tablet":0,"ocean_menu_typo_line_height_mobile":0,"ocean_menu_typo_line_height_unit":"","ocean_menu_typo_spacing":0,"ocean_menu_typo_spacing_tablet":0,"ocean_menu_typo_spacing_mobile":0,"ocean_menu_typo_spacing_unit":"","ocean_menu_link_color":"","ocean_menu_link_color_hover":"","ocean_menu_link_color_active":"","ocean_menu_link_background":"","ocean_menu_link_hover_background":"","ocean_menu_link_active_background":"","ocean_menu_social_links_bg":"","ocean_menu_social_hover_links_bg":"","ocean_menu_social_links_color":"","ocean_menu_social_hover_links_color":"","ocean_disable_title":"default","ocean_disable_heading":"default","ocean_post_title":"","ocean_post_subheading":"","ocean_post_title_style":"","ocean_post_title_background_color":"","ocean_post_title_background":0,"ocean_post_title_bg_image_position":"","ocean_post_title_bg_image_attachment":"","ocean_post_title_bg_image_repeat":"","ocean_post_title_bg_image_size":"","ocean_post_title_height":0,"ocean_post_title_bg_overlay":0.5,"ocean_post_title_bg_overlay_color":"","ocean_disable_breadcrumbs":"default","ocean_breadcrumbs_color":"","ocean_breadcrumbs_separator_color":"","ocean_breadcrumbs_links_color":"","ocean_breadcrumbs_links_hover_color":"","ocean_display_footer_widgets":"default","ocean_display_footer_bottom":"default","ocean_custom_footer_template":"","footnotes":""},"class_list":["post-5730","page","type-page","status-publish","hentry","entry"],"aioseo_notices":[],"_links":{"self":[{"href":"https:\/\/cinema-palace-53.fr\/index.php?rest_route=\/wp\/v2\/pages\/5730","targetHints":{"allow":["GET"]}}],"collection":[{"href":"https:\/\/cinema-palace-53.fr\/index.php?rest_route=\/wp\/v2\/pages"}],"about":[{"href":"https:\/\/cinema-palace-53.fr\/index.php?rest_route=\/wp\/v2\/types\/page"}],"author":[{"embeddable":true,"href":"https:\/\/cinema-palace-53.fr\/index.php?rest_route=\/wp\/v2\/users\/3"}],"replies":[{"embeddable":true,"href":"https:\/\/cinema-palace-53.fr\/index.php?rest_route=%2Fwp%2Fv2%2Fcomments&post=5730"}],"version-history":[{"count":89,"href":"https:\/\/cinema-palace-53.fr\/index.php?rest_route=\/wp\/v2\/pages\/5730\/revisions"}],"predecessor-version":[{"id":12845,"href":"https:\/\/cinema-palace-53.fr\/index.php?rest_route=\/wp\/v2\/pages\/5730\/revisions\/12845"}],"wp:attachment":[{"href":"https:\/\/cinema-palace-53.fr\/index.php?rest_route=%2Fwp%2Fv2%2Fmedia&parent=5730"}],"curies":[{"name":"wp","href":"https:\/\/api.w.org\/{rel}","templated":true}]}}