{"id":5920,"date":"2024-02-23T02:53:59","date_gmt":"2024-02-23T01:53:59","guid":{"rendered":"https:\/\/cinema-palace-53.fr\/?page_id=5920"},"modified":"2024-02-23T03:07:29","modified_gmt":"2024-02-23T02:07:29","slug":"mentions-legales","status":"publish","type":"page","link":"https:\/\/cinema-palace-53.fr\/?page_id=5920","title":{"rendered":"MENTIONS L\u00c9GALES"},"content":{"rendered":"\t\t<div data-elementor-type=\"wp-page\" data-elementor-id=\"5920\" class=\"elementor elementor-5920\">\n\t\t\t\t\t\t<section class=\"elementor-section elementor-top-section elementor-element elementor-element-bc9b176 elementor-section-full_width elementor-section-stretched elementor-section-height-default elementor-section-height-default exad-glass-effect-no wpr-particle-no wpr-jarallax-no wpr-parallax-no wpr-sticky-section-no wpr-equal-height-no exad-sticky-section-no\" data-id=\"bc9b176\" data-element_type=\"section\" data-e-type=\"section\" data-settings=\"{&quot;stretch_section&quot;:&quot;section-stretched&quot;}\">\n\t\t\t\t\t\t<div class=\"elementor-container elementor-column-gap-default\">\n\t\t\t\t\t<div class=\"elementor-column elementor-col-100 elementor-top-column elementor-element elementor-element-922ef96 exad-glass-effect-no exad-sticky-section-no\" data-id=\"922ef96\" data-element_type=\"column\" data-e-type=\"column\">\n\t\t\t<div class=\"elementor-widget-wrap elementor-element-populated\">\n\t\t\t\t\t\t<div class=\"elementor-element elementor-element-dfd9d76 elementor-widget__width-initial exad-sticky-section-no exad-glass-effect-no elementor-widget elementor-widget-text-editor\" data-id=\"dfd9d76\" data-element_type=\"widget\" data-e-type=\"widget\" data-widget_type=\"text-editor.default\">\n\t\t\t\t<div class=\"elementor-widget-container\">\n\t\t\t\t\t\t\t\t\t<p style=\"text-align: center;\"><strong>\u00c9DITEUR<\/strong><\/p><p style=\"text-align: center;\">Le site <a href=\"https:\/\/cinema-palace-53.fr\/\">cinema-palace-53.fr<\/a> est propri\u00e9t\u00e9 de la soci\u00e9t\u00e9 <a class=\"wpr-menu-item wpr-pointer-item wpr-active-menu-item\" href=\"https:\/\/cinema-palace-53.fr\/\" aria-current=\"page\">Cin\u00e9ma le Palace<\/a><\/p><p style=\"text-align: center;\">Adresse postale : <a tabindex=\"0\" href=\"https:\/\/www.google.com\/maps\/place\/\/data=!4m2!3m1!1s0x4808f5ccb545cc75:0xcabc4e27db6b5907?sa=X&amp;ved=2ahUKEwiZ44bDrsCEAxU8RKQEHUwgC1YQ4kB6BAg1EAA\" data-url=\"\/maps\/place\/\/data=!4m2!3m1!1s0x4808f5ccb545cc75:0xcabc4e27db6b5907?sa=X&amp;ved=2ahUKEwiZ44bDrsCEAxU8RKQEHUwgC1YQ4kB6BAg1EAA\">3 Pl. du Pilori, 53200 Ch\u00e2teau-Gontier-sur-Mayenne<\/a><\/p><p style=\"text-align: center;\">Responsable de la publication : Joelle Hanot<\/p><p style=\"text-align: center;\">R\u00e9alisation du site internet et webmaster : Mansoura Bouillant<\/p><p style=\"text-align: center;\"><strong>H\u00c9BERGEUR<\/strong><\/p><p style=\"text-align: center;\">H\u00e9bergement du site internet : LWS<\/p><p style=\"text-align: center;\">Adresse : 10 rue penthi\u00e8vre \u2013 75008 PARIS<\/p><p style=\"text-align: center;\">T\u00e9l\u00a0: 01 77 62 30 033 177 62 30 03<\/p><p style=\"text-align: center;\">Web : http:\/\/www.lws.fr<\/p><p style=\"text-align: center;\"><strong>LIENS EXTERNES &#8211; LIENS ALLANT VERS<\/strong><\/p><p style=\"text-align: center;\"><strong>D\u2019AUTRES SITES INTERNET<\/strong><\/p><p style=\"text-align: center;\">Le site\u00a0 <a href=\"https:\/\/cinema-palace-53.fr\/\">cinema-palace-53.fr<\/a> \u00a0peut contenir des liens hypertextes allant vers d\u2019autres<\/p><p style=\"text-align: center;\">sites. Aucun engagement concernant ces autres sites n\u2019est pris : la marque <a class=\"wpr-menu-item wpr-pointer-item wpr-active-menu-item\" href=\"https:\/\/cinema-palace-53.fr\/\" aria-current=\"page\">Cin\u00e9ma le Palace<\/a> n&rsquo;est pas responsable des contenus, fonctionnement et acc\u00e8s de ceux-ci.<\/p><p style=\"text-align: center;\"><strong>DROITS DE PROPRI\u00c9T\u00c9 INTELLECTUELLE<\/strong><\/p><p style=\"text-align: center;\">La Soci\u00e9t\u00e9 <a class=\"wpr-menu-item wpr-pointer-item wpr-active-menu-item\" href=\"https:\/\/cinema-palace-53.fr\/\" aria-current=\"page\">Cin\u00e9ma le Palace<\/a> est propri\u00e9taire des droits intellectuels de contenus de ce site et d\u00e9tient les droits d\u2019usage sur tous les \u00e9l\u00e9ments accessibles sur ce site, notamment les textes, images, graphismes, logo, ic\u00f4nes, sons, logiciels.<\/p><p style=\"text-align: center;\">\u00c0 ce titre, sauf autorisation pr\u00e9alable et \u00e9crite de <a class=\"wpr-menu-item wpr-pointer-item wpr-active-menu-item\" href=\"https:\/\/cinema-palace-53.fr\/\" aria-current=\"page\">Cin\u00e9ma le Palace<\/a> vous ne pouvez proc\u00e9der \u00e0 une quelconque reproduction, repr\u00e9sentation, adaptation, traduction et\/ou transformation partielle ou int\u00e9grale, ou un transfert sur un autre site web de tout \u00e9l\u00e9ment composant le site.<\/p><p style=\"text-align: center;\">Toute exploitation non autoris\u00e9e du site ou de l\u2019un quelconque des \u00e9l\u00e9ments qu\u2019il contient sera consid\u00e9r\u00e9e comme constitutive d\u2019une contrefa\u00e7on et poursuivie conform\u00e9ment aux dispositions des articles L.335-2 et suivants du Code de Propri\u00e9t\u00e9 Intellectuelle.<\/p><p style=\"text-align: center;\"><strong>LOI INFORMATIQUE ET LIBERT\u00c9S<\/strong><\/p><p style=\"text-align: center;\">Conform\u00e9ment \u00e0 la loi du 6 Janvier 1978, modifi\u00e9e par la loi du 6 ao\u00fbt 2004, nous vous pr\u00e9cisons que la soci\u00e9t\u00e9 <a class=\"wpr-menu-item wpr-pointer-item wpr-active-menu-item\" href=\"https:\/\/cinema-palace-53.fr\/\" aria-current=\"page\">Cin\u00e9ma le Palace<\/a>\u00a0 est la destinataire des informations et donn\u00e9es personnelles transmises sur son site. Ces informations peuvent \u00eatre communiqu\u00e9es de fa\u00e7on limit\u00e9e \u00e0 ses partenaires techniques dans le cadre de ses prestations vendues. Ces donn\u00e9es personnelles sont stock\u00e9es et ne seront en aucun cas communiqu\u00e9es \u00e0 d&rsquo;autres tiers. Vous disposez d\u2019un droit d\u2019acc\u00e8s, de rectification ou de suppression des informations nominatives vous concernant en nous \u00e9crivant par voie num\u00e9rique ou par voie postale.<\/p>\t\t\t\t\t\t\t\t<\/div>\n\t\t\t\t<\/div>\n\t\t\t\t\t<\/div>\n\t\t<\/div>\n\t\t\t\t\t<\/div>\n\t\t<\/section>\n\t\t\t\t<\/div>\n\t\t","protected":false},"excerpt":{"rendered":"<p>\u00c9DITEUR Le site cinema-palace-53.fr est propri\u00e9t\u00e9 de la soci\u00e9t\u00e9 Cin\u00e9ma le Palace Adresse postale : 3 Pl. du Pilori, 53200 Ch\u00e2teau-Gontier-sur-Mayenne Responsable de la publication : Joelle Hanot R\u00e9alisation du site internet et webmaster : Mansoura Bouillant H\u00c9BERGEUR H\u00e9bergement du site internet : LWS Adresse : 10 rue penthi\u00e8vre \u2013 75008 PARIS T\u00e9l\u00a0: 01 77 62 30 033 177 62 30 03 Web : http:\/\/www.lws.fr LIENS EXTERNES &#8211; LIENS ALLANT VERS D\u2019AUTRES SITES INTERNET Le site\u00a0 cinema-palace-53.fr \u00a0peut contenir des liens hypertextes allant vers d\u2019autres sites. Aucun engagement concernant ces autres sites n\u2019est pris : la marque Cin\u00e9ma le Palace n&rsquo;est pas responsable des contenus, fonctionnement et acc\u00e8s de ceux-ci. DROITS DE PROPRI\u00c9T\u00c9 INTELLECTUELLE La Soci\u00e9t\u00e9 Cin\u00e9ma le Palace est propri\u00e9taire des droits intellectuels de contenus de ce site et d\u00e9tient les droits d\u2019usage sur tous les \u00e9l\u00e9ments accessibles sur ce site, notamment les textes, images, graphismes, logo, ic\u00f4nes, sons, logiciels. \u00c0 ce titre, sauf autorisation pr\u00e9alable et \u00e9crite de Cin\u00e9ma le Palace vous ne pouvez proc\u00e9der \u00e0 une quelconque reproduction, repr\u00e9sentation, adaptation, traduction et\/ou transformation partielle ou int\u00e9grale, ou un transfert sur un autre site web de tout \u00e9l\u00e9ment composant le site. Toute exploitation non autoris\u00e9e du site ou de l\u2019un quelconque des \u00e9l\u00e9ments qu\u2019il contient sera consid\u00e9r\u00e9e comme constitutive d\u2019une contrefa\u00e7on et poursuivie conform\u00e9ment aux dispositions des articles L.335-2 et suivants du Code de Propri\u00e9t\u00e9 Intellectuelle. LOI INFORMATIQUE ET LIBERT\u00c9S Conform\u00e9ment \u00e0 la loi du 6 Janvier 1978, modifi\u00e9e par la loi du 6 ao\u00fbt 2004, nous vous pr\u00e9cisons que la soci\u00e9t\u00e9 Cin\u00e9ma le Palace\u00a0 est la destinataire des informations et donn\u00e9es personnelles transmises sur son site. Ces informations peuvent \u00eatre communiqu\u00e9es de fa\u00e7on limit\u00e9e \u00e0 ses partenaires techniques dans le cadre de ses prestations vendues. Ces donn\u00e9es personnelles sont stock\u00e9es et ne seront en aucun cas communiqu\u00e9es \u00e0 d&rsquo;autres tiers. Vous disposez d\u2019un droit d\u2019acc\u00e8s, de rectification ou de suppression des informations nominatives vous concernant en nous \u00e9crivant par voie num\u00e9rique ou par voie postale.<\/p>\n","protected":false},"author":2,"featured_media":0,"parent":0,"menu_order":0,"comment_status":"closed","ping_status":"closed","template":"","meta":{"om_disable_all_campaigns":false,"ocean_post_layout":"","ocean_both_sidebars_style":"","ocean_both_sidebars_content_width":0,"ocean_both_sidebars_sidebars_width":0,"ocean_sidebar":"","ocean_second_sidebar":"","ocean_disable_margins":"enable","ocean_add_body_class":"","ocean_shortcode_before_top_bar":"","ocean_shortcode_after_top_bar":"","ocean_shortcode_before_header":"","ocean_shortcode_after_header":"","ocean_has_shortcode":"","ocean_shortcode_after_title":"","ocean_shortcode_before_footer_widgets":"","ocean_shortcode_after_footer_widgets":"","ocean_shortcode_before_footer_bottom":"","ocean_shortcode_after_footer_bottom":"","ocean_display_top_bar":"default","ocean_display_header":"default","ocean_header_style":"","ocean_center_header_left_menu":"","ocean_custom_header_template":"","ocean_custom_logo":0,"ocean_custom_retina_logo":0,"ocean_custom_logo_max_width":0,"ocean_custom_logo_tablet_max_width":0,"ocean_custom_logo_mobile_max_width":0,"ocean_custom_logo_max_height":0,"ocean_custom_logo_tablet_max_height":0,"ocean_custom_logo_mobile_max_height":0,"ocean_header_custom_menu":"","ocean_menu_typo_font_family":"","ocean_menu_typo_font_subset":"","ocean_menu_typo_font_size":0,"ocean_menu_typo_font_size_tablet":0,"ocean_menu_typo_font_size_mobile":0,"ocean_menu_typo_font_size_unit":"px","ocean_menu_typo_font_weight":"","ocean_menu_typo_font_weight_tablet":"","ocean_menu_typo_font_weight_mobile":"","ocean_menu_typo_transform":"","ocean_menu_typo_transform_tablet":"","ocean_menu_typo_transform_mobile":"","ocean_menu_typo_line_height":0,"ocean_menu_typo_line_height_tablet":0,"ocean_menu_typo_line_height_mobile":0,"ocean_menu_typo_line_height_unit":"","ocean_menu_typo_spacing":0,"ocean_menu_typo_spacing_tablet":0,"ocean_menu_typo_spacing_mobile":0,"ocean_menu_typo_spacing_unit":"","ocean_menu_link_color":"","ocean_menu_link_color_hover":"","ocean_menu_link_color_active":"","ocean_menu_link_background":"","ocean_menu_link_hover_background":"","ocean_menu_link_active_background":"","ocean_menu_social_links_bg":"","ocean_menu_social_hover_links_bg":"","ocean_menu_social_links_color":"","ocean_menu_social_hover_links_color":"","ocean_disable_title":"default","ocean_disable_heading":"default","ocean_post_title":"","ocean_post_subheading":"","ocean_post_title_style":"","ocean_post_title_background_color":"","ocean_post_title_background":0,"ocean_post_title_bg_image_position":"","ocean_post_title_bg_image_attachment":"","ocean_post_title_bg_image_repeat":"","ocean_post_title_bg_image_size":"","ocean_post_title_height":0,"ocean_post_title_bg_overlay":0.5,"ocean_post_title_bg_overlay_color":"","ocean_disable_breadcrumbs":"default","ocean_breadcrumbs_color":"","ocean_breadcrumbs_separator_color":"","ocean_breadcrumbs_links_color":"","ocean_breadcrumbs_links_hover_color":"","ocean_display_footer_widgets":"default","ocean_display_footer_bottom":"default","ocean_custom_footer_template":"","footnotes":""},"class_list":["post-5920","page","type-page","status-publish","hentry","entry"],"aioseo_notices":[],"_links":{"self":[{"href":"https:\/\/cinema-palace-53.fr\/index.php?rest_route=\/wp\/v2\/pages\/5920","targetHints":{"allow":["GET"]}}],"collection":[{"href":"https:\/\/cinema-palace-53.fr\/index.php?rest_route=\/wp\/v2\/pages"}],"about":[{"href":"https:\/\/cinema-palace-53.fr\/index.php?rest_route=\/wp\/v2\/types\/page"}],"author":[{"embeddable":true,"href":"https:\/\/cinema-palace-53.fr\/index.php?rest_route=\/wp\/v2\/users\/2"}],"replies":[{"embeddable":true,"href":"https:\/\/cinema-palace-53.fr\/index.php?rest_route=%2Fwp%2Fv2%2Fcomments&post=5920"}],"version-history":[{"count":7,"href":"https:\/\/cinema-palace-53.fr\/index.php?rest_route=\/wp\/v2\/pages\/5920\/revisions"}],"predecessor-version":[{"id":5928,"href":"https:\/\/cinema-palace-53.fr\/index.php?rest_route=\/wp\/v2\/pages\/5920\/revisions\/5928"}],"wp:attachment":[{"href":"https:\/\/cinema-palace-53.fr\/index.php?rest_route=%2Fwp%2Fv2%2Fmedia&parent=5920"}],"curies":[{"name":"wp","href":"https:\/\/api.w.org\/{rel}","templated":true}]}}